
{"id":1595,"date":"2014-11-04T10:01:59","date_gmt":"2014-11-04T10:01:59","guid":{"rendered":"http:\/\/claitec.com\/?page_id=1595"},"modified":"2021-06-22T07:00:03","modified_gmt":"2021-06-22T07:00:03","slug":"politica-de-cookies","status":"publish","type":"page","link":"https:\/\/claitec.com\/ca\/politica-de-cookies\/","title":{"rendered":"Pol\u00edtica de cookies"},"content":{"rendered":"<h3>Qu\u00e8 s\u00f3n les cookies?<\/h3>\n<p>Aquest lloc web utilitza cookies i\/o tecnologies similars que emmagatzemen i recuperen informaci\u00f3 quan navegues. En general, aquestes tecnologies poden servir per a finalitats molt diverses, com, per exemple, recon\u00e8ixer-te com a usuari, obtenir informaci\u00f3 sobre els teus h\u00e0bits de navegaci\u00f3, o personalitzar la forma en qu\u00e8 es mostra el contingut. Els usos concrets que fem d&#8217;aquestes tecnologies es descriuen a continuaci\u00f3.<\/p>\n<p>\u00a0<\/p>\n<h3>Per a qu\u00e8 utilitza les cookies aquesta p\u00e0gina web?<\/h3>\n<p>Aquesta p\u00e0gina web utilitza les cookies per a una s\u00e8rie de finalitats, incloses:<\/p>\n<ul>\n<li>\n<p><strong>D&#8217;an\u00e0lisi:<\/strong> s\u00f3n aquelles que, tractades per nosaltres o per tercers, ens permeten quantificar el nombre d&#8217;usuaris i aix\u00ed realitzar el mesurament i an\u00e0lisi estad\u00edstica de la utilitzaci\u00f3 que fan els usuaris del servei ofert. Per a aix\u00f2 s&#8217;analitza la seva navegaci\u00f3 en la nostra p\u00e0gina web amb la finalitat de millorar l&#8217;oferta de productes o serveis que li oferim.<\/p>\n<\/li>\n<li>\n<p><strong>Publicit\u00e0ries comportamentals:<\/strong> son aquelles que, tractades per nosaltres o per tercers, permeten analitzar els seus h\u00e0bits de navegaci\u00f3 a Internet per mostrar-li publicitat relacionada amb el seu perfil de navegaci\u00f3.<\/p>\n<\/li>\n<\/ul>\n<p>\u00a0<\/p>\n<h3>Qui utilitza les cookies en aquesta p\u00e0gina web?<\/h3>\n<p>La identificaci\u00f3 de qui utilitza les cookies, el tipus de cookies utilitzades i altres detalls, s&#8217;indica a continuaci\u00f3:<\/p>\n<p>\u00a0<\/p>\n\n\n<figure class=\"wp-block-table is-style-stripes\"><table class=\"has-subtle-light-gray-background-color has-background\"><tbody><tr><td><strong>Entitat<\/strong><\/td><td><strong>Tipus<\/strong><\/td><td><strong>Prop\u00f2sit<\/strong><\/td><td><strong>M\u00e9s informaci\u00f3<\/strong><\/td><\/tr><tr><td>Google Analytics<\/td><td>De tercers<\/td><td>Recull informaci\u00f3 sobre la navegaci\u00f3 dels usuaris pel lloc web amb la finalitat de con\u00e8ixer l\u2019origen de les visites i altres dades similars a nivell estad\u00edstic<br><\/td><td><a href=\"https:\/\/policies.google.com\/technologies\/types\">https:\/\/policies.google.com\/technologies\/types<\/a><br><br><a href=\"https:\/\/developers.google.com\/analytics\/devguides\/collection\/analyticsjs\/cookie-usage?hl=es\">Cookies Google Analytics<\/a><\/td><\/tr><tr><td>Linkedin<\/td><td>De tercers<\/td><td>Utilitzat pel servei de xarxes socials, LinkedIn, per rastrejar l\u2019\u00fas de serveis integrats (cookies publicit\u00e0ries)<br><\/td><td><a href=\"https:\/\/es.linkedin.com\/legal\/cookie-policy?\">Linkedin<\/a><\/td><\/tr><\/tbody><\/table><\/figure>\n\n\n<p>\u00a0<\/p>\n<p>Nota:<\/p>\n<p>Les cookies de tipus \u201cPr\u00f2pies\u201d s\u00f3n utilitzades nom\u00e9s pel propietari d&#8217;aquesta web i les cookies \u201cDe tercers\u201d s\u00f3n utilitzades, tamb\u00e9, pel prestador del servei que est\u00e0 detallat la taula anterior.<\/p>\n<p>Pot informar-se de les transfer\u00e8ncies a tercers pa\u00efsos que, en el seu cas, realitzin els tercers identificats en aquesta pol\u00edtica de cookies en les seves corresponents pol\u00edtiques (veure els enlla\u00e7os facilitats en l&#8217;apartat \u201cM\u00e9s informaci\u00f3\u201d de la taula anterior).<\/p>\n<p>\u00a0<\/p>\n<h3>Com puc desactivar o eliminar aquestes cookies?<\/h3>\n<p>Pot vost\u00e8 permetre o bloquejar les cookies, aix\u00ed com esborrar les seves dades de navegaci\u00f3 (incloses les cookies) des del navegador que vost\u00e8 utilitza. Consulti les opcions i instruccions que ofereix el seu navegador per a aix\u00f2. Tingui en compte que si accepta les cookies de tercers, haur\u00e0 d&#8217;eliminar-les des de les opcions del navegador.<\/p>\n<p>A continuaci\u00f3, t\u00e9 disponibles els enlla\u00e7os amb la informaci\u00f3 per a gestionar les cookies dels navegadors m\u00e9s utilitzats:<\/p>\n<ul>\n<li><strong>Firefox<\/strong>: <a href=\"http:\/\/support.mozilla.org\/es\/kb\/habilitar-y-deshabilitar-cookies-que-los-sitios-we\">http:\/\/support.mozilla.org\/es\/kb\/habilitar-y-deshabilitar-cookies-que-los-sitios-we<\/a><\/li>\n<li><strong>Chrome<\/strong>: <a href=\"http:\/\/support.google.com\/chrome\/bin\/answer.py?hl=es&amp;answer=95647\">http:\/\/support.google.com\/chrome\/bin\/answer.py?hl=es&amp;answer=95647<\/a><\/li>\n<li><strong>Internet Explorer<\/strong>: <a href=\"https:\/\/support.microsoft.com\/es-es\/help\/278835\/how-to-delete-cookie-files-in-internet-explorer\">https:\/\/support.microsoft.com\/es-es\/help\/278835\/how-to-delete-cookie-files-in-internet-explorer<\/a><\/li>\n<li><strong>Microsoft Edge:<\/strong> <a href=\"https:\/\/support.microsoft.com\/es-es\/help\/4027947\/microsoft-edge-delete-cookies\">https:\/\/support.microsoft.com\/es-es\/help\/4027947\/microsoft-edge-delete-cookies<\/a><\/li>\n<li><strong>Safari<\/strong>: <a href=\"http:\/\/support.apple.com\/kb\/ph5042\">http:\/\/support.apple.com\/kb\/ph5042<\/a><\/li>\n<li><strong>Opera<\/strong>: <a href=\"http:\/\/help.opera.com\/Windows\/11.50\/es-ES\/cookies.html\">http:\/\/help.opera.com\/Windows\/11.50\/es-ES\/cookies.html<\/a><\/li>\n<li><strong>Otros navegadores<\/strong>: consulte la documentaci\u00f3n del navegador que tenga instalado.<\/li>\n<\/ul>\n<h4>Complement d\u2019inhabilitaci\u00f3 per navegadors de Google Analytics<\/h4>\n<p>Si desitja rebutjar les cookies anal\u00edtiques de Google Analytics en tots els navegadors, de manera que no s&#8217;envi\u00ef informaci\u00f3 seva a Google Analytics, pot descarregar un complement que realitza aquesta funci\u00f3 des d&#8217;aquest enlla\u00e7:<\/p>\n<p><a href=\"https:\/\/tools.google.com\/dlpage\/gaoptout\">https:\/\/tools.google.com\/dlpage\/gaoptout<\/a><\/p>\n<h3>\u00a0<\/h3>\n<h3>Exercici de drets<\/h3>\n<p>Pot con\u00e8ixer i exercir els seus drets en mat\u00e8ria de protecci\u00f3 de dades accedint a la nostra <u><a href=\"https:\/\/claitec.com\/ca\/politica-de-privacitat\/\">Pol\u00edtica de Privacitat<\/a><\/u>.<\/p>\n<p>\u00a0<\/p>","protected":false},"excerpt":{"rendered":"<p>Qu\u00e8 s\u00f3n les cookies? Aquest lloc web utilitza cookies i\/o tecnologies similars que emmagatzemen i recuperen informaci\u00f3 quan navegues. En general, aquestes tecnologies poden servir per a finalitats molt diverses, com, per exemple, recon\u00e8ixer-te com a usuari, obtenir informaci\u00f3 sobre els teus h\u00e0bits de navegaci\u00f3, o personalitzar la forma en qu\u00e8 es mostra el contingut. Els usos concrets que fem d&#8217;aquestes tecnologies es descriuen a continuaci\u00f3. \u00a0 Per a qu\u00e8 utilitza les cookies aquesta p\u00e0gina web? Aquesta p\u00e0gina web utilitza les cookies per a una s\u00e8rie de finalitats, incloses: D&#8217;an\u00e0lisi: s\u00f3n aquelles que, tractades per nosaltres o per tercers, ens permeten quantificar el nombre d&#8217;usuaris i aix\u00ed realitzar el mesurament i an\u00e0lisi estad\u00edstica de la utilitzaci\u00f3 que fan els usuaris del servei ofert. Per a aix\u00f2 s&#8217;analitza la seva navegaci\u00f3 en la nostra p\u00e0gina web amb la finalitat de millorar l&#8217;oferta de productes o serveis que li oferim. Publicit\u00e0ries comportamentals: son aquelles que, tractades per nosaltres o per tercers, permeten analitzar els seus h\u00e0bits de navegaci\u00f3 a Internet per mostrar-li publicitat relacionada amb el seu perfil de navegaci\u00f3. \u00a0 Qui utilitza les cookies en aquesta p\u00e0gina web? La identificaci\u00f3 de qui utilitza les cookies, el tipus de cookies utilitzades i [&hellip;]<\/p>\n","protected":false},"author":1,"featured_media":0,"parent":0,"menu_order":0,"comment_status":"closed","ping_status":"closed","template":"","meta":{"footnotes":""},"class_list":["post-1595","page","type-page","status-publish","format-standard","hentry"],"_links":{"self":[{"href":"https:\/\/claitec.com\/ca\/wp-json\/wp\/v2\/pages\/1595","targetHints":{"allow":["GET"]}}],"collection":[{"href":"https:\/\/claitec.com\/ca\/wp-json\/wp\/v2\/pages"}],"about":[{"href":"https:\/\/claitec.com\/ca\/wp-json\/wp\/v2\/types\/page"}],"author":[{"embeddable":true,"href":"https:\/\/claitec.com\/ca\/wp-json\/wp\/v2\/users\/1"}],"replies":[{"embeddable":true,"href":"https:\/\/claitec.com\/ca\/wp-json\/wp\/v2\/comments?post=1595"}],"version-history":[{"count":21,"href":"https:\/\/claitec.com\/ca\/wp-json\/wp\/v2\/pages\/1595\/revisions"}],"predecessor-version":[{"id":8203,"href":"https:\/\/claitec.com\/ca\/wp-json\/wp\/v2\/pages\/1595\/revisions\/8203"}],"wp:attachment":[{"href":"https:\/\/claitec.com\/ca\/wp-json\/wp\/v2\/media?parent=1595"}],"curies":[{"name":"wp","href":"https:\/\/api.w.org\/{rel}","templated":true}]}}